{"id":4740,"date":"2025-03-17T09:45:31","date_gmt":"2025-03-17T09:45:31","guid":{"rendered":"https:\/\/altmaesports.org\/conecta-leader\/"},"modified":"2025-03-20T11:36:52","modified_gmt":"2025-03-20T11:36:52","slug":"conecta-leader","status":"publish","type":"page","link":"https:\/\/altmaesports.org\/ca\/conecta-leader\/","title":{"rendered":"CONECTA-LEADER"},"content":{"rendered":"<div class=\"fusion-fullwidth fullwidth-box fusion-builder-row-1 fusion-flex-container has-pattern-background has-mask-background nonhundred-percent-fullwidth non-hundred-percent-height-scrolling\" style=\"--awb-border-radius-top-left:0px;--awb-border-radius-top-right:0px;--awb-border-radius-bottom-right:0px;--awb-border-radius-bottom-left:0px;--awb-margin-top:-60px;--awb-margin-bottom:-60px;--awb-background-color:var(--awb-color1);--awb-flex-wrap:wrap;\" ><div class=\"awb-background-pattern\" style=\"background-image:  url(data:image\/svg+xml;utf8,%3Csvg%20width%3D%2280%22%20height%3D%22120%22%20fill%3D%22none%22%20xmlns%3D%22http%3A%2F%2Fwww.w3.org%2F2000%2Fsvg%22%3E%3Cg%20clip-path%3D%22url%28%23prefix__clip0_43_320%29%22%20fill%3D%22rgba%28240%2C241%2C245%2C1%29%22%3E%3Cpath%20d%3D%22M40%200L0%2030v30l40-30V0zm0%2030v30l40%2030V60L40%2030zM40-30V0l40%2030V0L40-30zm0%2090L0%2090v30l40-30V60zm0%2030v30l40%2030v-30L40%2090z%22%2F%3E%3C%2Fg%3E%3Cdefs%3E%3CclipPath%20id%3D%22prefix__clip0_43_320%22%3E%3Cpath%20fill%3D%22%23fff%22%20d%3D%22M0%200h80v120H0z%22%2F%3E%3C%2FclipPath%3E%3C%2Fdefs%3E%3C%2Fsvg%3E);opacity: 0.5 ;background-size:120%;mix-blend-mode:normal;\"><\/div><div class=\"fusion-builder-row fusion-row fusion-flex-align-items-flex-start fusion-flex-content-wrap\" style=\"max-width:104%;margin-left: calc(-4% \/ 2 );margin-right: calc(-4% \/ 2 );\"><div class=\"fusion-layout-column fusion_builder_column fusion-builder-column-0 fusion_builder_column_1_1 1_1 fusion-flex-column\" style=\"--awb-padding-top:50px;--awb-padding-right:60px;--awb-padding-bottom:50px;--awb-padding-left:60px;--awb-bg-color:var(--awb-color1);--awb-bg-color-hover:var(--awb-color1);--awb-bg-size:cover;--awb-box-shadow:2px 2px 25px 5px hsla(var(--awb-color8-h),var(--awb-color8-s),var(--awb-color8-l),calc(var(--awb-color8-a) - 85%));;--awb-width-large:100%;--awb-margin-top-large:0px;--awb-spacing-right-large:1.92%;--awb-margin-bottom-large:0px;--awb-spacing-left-large:1.92%;--awb-width-medium:100%;--awb-order-medium:0;--awb-spacing-right-medium:1.92%;--awb-spacing-left-medium:1.92%;--awb-width-small:100%;--awb-order-small:0;--awb-spacing-right-small:1.92%;--awb-spacing-left-small:1.92%;\"><div class=\"fusion-column-wrapper fusion-column-has-shadow fusion-flex-justify-content-flex-start fusion-content-layout-column\"><div class=\"fusion-builder-row fusion-builder-row-inner fusion-row fusion-flex-align-items-flex-start fusion-flex-content-wrap\" style=\"width:104% !important;max-width:104% !important;margin-left: calc(-4% \/ 2 );margin-right: calc(-4% \/ 2 );\"><div class=\"fusion-layout-column fusion_builder_column_inner fusion-builder-nested-column-0 fusion_builder_column_inner_3_5 3_5 fusion-flex-column\" style=\"--awb-padding-right:40px;--awb-padding-bottom-medium:30px;--awb-padding-bottom-small:40px;--awb-bg-size:cover;--awb-width-large:60%;--awb-margin-top-large:0px;--awb-spacing-right-large:3.2%;--awb-margin-bottom-large:0px;--awb-spacing-left-large:3.2%;--awb-width-medium:100%;--awb-order-medium:0;--awb-spacing-right-medium:1.92%;--awb-spacing-left-medium:1.92%;--awb-width-small:100%;--awb-order-small:0;--awb-spacing-right-small:1.92%;--awb-spacing-left-small:1.92%;\"><div class=\"fusion-column-wrapper fusion-column-has-shadow fusion-flex-justify-content-flex-start fusion-content-layout-column\"><div class=\"fusion-title title fusion-title-1 fusion-sep-none fusion-title-text fusion-title-size-three\" style=\"--awb-text-color:var(--awb-color8);\"><h3 class=\"fusion-title-heading title-heading-left fusion-responsive-typography-calculated\" style=\"margin:0;--fontSize:37;line-height:var(--awb-typography1-line-height);\"><strong>CONECTA-LEADER<\/strong><\/h3><\/div><\/div><\/div><div class=\"fusion-layout-column fusion_builder_column_inner fusion-builder-nested-column-1 fusion_builder_column_inner_2_5 2_5 fusion-flex-column fusion-flex-align-self-center\" style=\"--awb-padding-bottom-medium:10px;--awb-padding-bottom-small:20px;--awb-bg-size:cover;--awb-width-large:40%;--awb-margin-top-large:0px;--awb-spacing-right-large:4.8%;--awb-margin-bottom-large:0px;--awb-spacing-left-large:4.8%;--awb-width-medium:100%;--awb-order-medium:0;--awb-spacing-right-medium:1.92%;--awb-spacing-left-medium:1.92%;--awb-width-small:100%;--awb-order-small:0;--awb-spacing-right-small:1.92%;--awb-spacing-left-small:1.92%;\"><div class=\"fusion-column-wrapper fusion-column-has-shadow fusion-flex-justify-content-flex-start fusion-content-layout-row\"><i class=\"fb-icon-element-1 fb-icon-element fontawesome-icon fa-flag fas circle-no fusion-text-flow\" style=\"--awb-iconcolor:hsla(var(--awb-color5-h),var(--awb-color5-s),calc(var(--awb-color5-l) - 10%),var(--awb-color5-a));--awb-iconcolor-hover:var(--awb-color6);--awb-font-size:68px;--awb-margin-right:60px;\"><\/i><i class=\"fb-icon-element-2 fb-icon-element fontawesome-icon fa-link fas circle-no fusion-text-flow\" style=\"--awb-iconcolor:hsla(var(--awb-color5-h),var(--awb-color5-s),calc(var(--awb-color5-l) - 10%),var(--awb-color5-a));--awb-iconcolor-hover:var(--awb-color6);--awb-font-size:70px;--awb-margin-right:60px;\"><\/i><i class=\"fb-icon-element-3 fb-icon-element fontawesome-icon fa-child fas circle-no fusion-text-flow\" style=\"--awb-iconcolor:hsla(var(--awb-color5-h),var(--awb-color5-s),calc(var(--awb-color5-l) - 10%),var(--awb-color5-a));--awb-iconcolor-hover:var(--awb-color6);--awb-font-size:68px;--awb-margin-right:60px;\"><\/i><\/div><\/div><\/div><div class=\"fusion-separator fusion-full-width-sep\" style=\"align-self: center;margin-left: auto;margin-right: auto;margin-top:40px;margin-bottom:40px;width:100%;\"><div class=\"fusion-separator-border sep-single sep-solid\" style=\"--awb-height:20px;--awb-amount:20px;--awb-sep-color:hsla(var(--awb-color3-h),var(--awb-color3-s),var(--awb-color3-l),calc(var(--awb-color3-a) - 30%));border-color:hsla(var(--awb-color3-h),var(--awb-color3-s),var(--awb-color3-l),calc(var(--awb-color3-a) - 30%));border-top-width:1px;\"><\/div><\/div><div class=\"fusion-builder-row fusion-builder-row-inner fusion-row fusion-flex-align-items-flex-start fusion-flex-content-wrap\" style=\"width:104% !important;max-width:104% !important;margin-left: calc(-4% \/ 2 );margin-right: calc(-4% \/ 2 );\"><div class=\"fusion-layout-column fusion_builder_column_inner fusion-builder-nested-column-2 fusion_builder_column_inner_1_2 1_2 fusion-flex-column\" style=\"--awb-padding-right:40px;--awb-padding-bottom-small:10px;--awb-bg-size:cover;--awb-width-large:50%;--awb-margin-top-large:0px;--awb-spacing-right-large:3.84%;--awb-margin-bottom-large:0px;--awb-spacing-left-large:4.224%;--awb-width-medium:50%;--awb-order-medium:0;--awb-spacing-right-medium:3.84%;--awb-spacing-left-medium:4.224%;--awb-width-small:100%;--awb-order-small:0;--awb-spacing-right-small:1.92%;--awb-spacing-left-small:1.92%;\"><div class=\"fusion-column-wrapper fusion-column-has-shadow fusion-flex-justify-content-flex-start fusion-content-layout-column\"><div class=\"fusion-text fusion-text-1\" style=\"--awb-font-size:var(--awb-typography4-font-size);--awb-line-height:var(--awb-typography4-line-height);--awb-letter-spacing:var(--awb-typography4-letter-spacing);--awb-text-transform:var(--awb-typography4-text-transform);--awb-text-color:var(--awb-color8);--awb-margin-top:10px;--awb-text-font-family:var(--awb-typography4-font-family);--awb-text-font-weight:var(--awb-typography4-font-weight);--awb-text-font-style:var(--awb-typography4-font-style);\"><div class=\"elementor-element elementor-element-8f5b594 e-con-full e-flex e-con e-child\" data-id=\"8f5b594\" data-element_type=\"container\">\n<div class=\"elementor-element elementor-element-f4530a0 elementor-widget elementor-widget-heading\" data-id=\"f4530a0\" data-element_type=\"widget\" data-widget_type=\"heading.default\">\n<div class=\"elementor-widget-container\">\n<p>Es tracta d&#8217;un projecte de cooperaci\u00f3 executat en 2024, en el qual el nostre grup ha participat com a membre actiu, per\u00f2 sense portar la coordinaci\u00f3 del projecte.<\/p>\n<p>Projecte que naix de la uni\u00f3 de sis Grups d&#8217;Acci\u00f3 Local de la Comunitat Valenciana per a donar vida al projecte de cooperaci\u00f3 \u201cCONNECTA-LEADER. Xarxa de beneficiaris d&#8217;ajudes Leader\u201d.<\/p>\n<ul>\n<li>GAL Altmaesports Leader<\/li>\n<li>GAL Maestrat Plana Alta Leader 1420 (GAL COORDINADOR)<\/li>\n<li>GAL Asociaci\u00f3n para el Desarrollo de las Comarcas de Interior (@DICI)<\/li>\n<li>GAL Palancia Mijares 14\/20<\/li>\n<li>GAL Som Rurals<\/li>\n<li>GAL Asociaci\u00f3n para el Desarrollo Sostenible de los Municipios del Macizo del Caroig, Serra Grossa y Riberes del X\u00faquer<\/li>\n<\/ul>\n<p>El territori d&#8217;aquests sis Grups d&#8217;Acci\u00f3 Local abasta fins a 176 municipis del total del territori Leader de la Comunitat Valenciana (330 municipis). Per tant, en aquest projecte de cooperaci\u00f3 s&#8217;integra al 53,34% dels municipis Leader de la Comunitat.<\/p>\n<p>&nbsp;<\/p>\n<\/div>\n<\/div>\n<\/div>\n<\/div><\/div><\/div><div class=\"fusion-layout-column fusion_builder_column_inner fusion-builder-nested-column-3 awb-sticky awb-sticky-small awb-sticky-medium awb-sticky-large fusion_builder_column_inner_1_2 1_2 fusion-flex-column\" style=\"--awb-bg-size:cover;--awb-width-large:50%;--awb-margin-top-large:0px;--awb-spacing-right-large:12.48%;--awb-margin-bottom-large:0px;--awb-spacing-left-large:0%;--awb-width-medium:50%;--awb-order-medium:0;--awb-spacing-right-medium:12.48%;--awb-spacing-left-medium:0%;--awb-width-small:100%;--awb-order-small:0;--awb-spacing-right-small:1.92%;--awb-spacing-left-small:1.92%;\"><div class=\"fusion-column-wrapper fusion-column-has-shadow fusion-flex-justify-content-flex-start fusion-content-layout-column\"><div class=\"fusion-text fusion-text-2\" style=\"--awb-font-size:var(--awb-typography4-font-size);--awb-line-height:var(--awb-typography4-line-height);--awb-letter-spacing:var(--awb-typography4-letter-spacing);--awb-text-transform:var(--awb-typography4-text-transform);--awb-text-color:var(--awb-color8);--awb-margin-top:10px;--awb-text-font-family:var(--awb-typography4-font-family);--awb-text-font-weight:var(--awb-typography4-font-weight);--awb-text-font-style:var(--awb-typography4-font-style);\"><div class=\"elementor-element elementor-element-8f5b594 e-con-full e-flex e-con e-child\" data-id=\"8f5b594\" data-element_type=\"container\">\n<div class=\"elementor-element elementor-element-f4530a0 elementor-widget elementor-widget-heading\" data-id=\"f4530a0\" data-element_type=\"widget\" data-widget_type=\"heading.default\">\n<div class=\"elementor-widget-container\">\n<p><b>El projecte persegueix els seg\u00fcents objectius:<\/b><\/p>\n<ol>\n<li>Establir una xarxa de beneficiaris Leader compromesos amb el suport i la mentoria d&#8217;emprenedors locals.<\/li>\n<li>Proporcionar orientaci\u00f3 i assessorament pr\u00e0ctic a futurs beneficiaris d&#8217;ajudes Leader en el desenvolupament i la implementaci\u00f3 dels seus projectes empresarials.\n<\/li>\n<li>Fomentar la transfer\u00e8ncia de coneixements i bones pr\u00e0ctiques entre els membres de la xarxa per a promoure la innovaci\u00f3 i el creixement empresarial.<\/li>\n<li>Facilitar l&#8217;acc\u00e9s a recursos i oportunitats de col\u00b7laboraci\u00f3 per als emprenedors locals a trav\u00e9s de la xarxa de beneficiaris Leader.<\/li>\n<li>Contribuir a l&#8217;enfortiment de l&#8217;ecosistema emprenedor local i al desenvolupament econ\u00f2mic sostenible de les nostres comunitats.<\/li>\n<\/ol>\n<p>En conclusi\u00f3, el projecte persegueix creaci\u00f3 d&#8217;una xarxa de beneficiaris d&#8217;ajudes LEADER, que es far\u00e0 extensible a la resta d&#8217;entitats o empreses del territori, sent una xarxa s\u00f2lida de col\u00b7laboraci\u00f3, enriquiment i establiment de sinergies entre territoris, a m\u00e9s d&#8217;aconseguir la posada en valor dels fons LEADER com a motor de creixement i desenvolupament rural de les zones integrades en el projecte.<\/p>\n<\/div>\n<\/div>\n<\/div>\n<\/div><\/div><\/div><\/div><div class=\"fusion-separator fusion-full-width-sep\" style=\"align-self: center;margin-left: auto;margin-right: auto;margin-top:40px;margin-bottom:40px;width:100%;\"><div class=\"fusion-separator-border sep-single sep-solid\" style=\"--awb-height:20px;--awb-amount:20px;border-color:var(--awb-color3);border-top-width:1px;\"><\/div><\/div><div class=\"fusion-builder-row fusion-builder-row-inner fusion-row fusion-flex-align-items-flex-start fusion-flex-content-wrap\" style=\"width:104% !important;max-width:104% !important;margin-left: calc(-4% \/ 2 );margin-right: calc(-4% \/ 2 );\"><div class=\"fusion-layout-column fusion_builder_column_inner fusion-builder-nested-column-4 fusion_builder_column_inner_1_1 1_1 fusion-flex-column\" style=\"--awb-bg-size:cover;--awb-width-large:100%;--awb-margin-top-large:0px;--awb-spacing-right-large:1.92%;--awb-margin-bottom-large:20px;--awb-spacing-left-large:1.92%;--awb-width-medium:100%;--awb-order-medium:0;--awb-spacing-right-medium:1.92%;--awb-spacing-left-medium:1.92%;--awb-width-small:100%;--awb-order-small:0;--awb-spacing-right-small:1.92%;--awb-spacing-left-small:1.92%;\"><div class=\"fusion-column-wrapper fusion-column-has-shadow fusion-flex-justify-content-flex-start fusion-content-layout-column\"><div class=\"fusion-text fusion-text-3\"><h3 class=\"elementor-heading-title elementor-size-default\">Arxius d&#8217;inter\u00e8s<\/h3>\n<ul>\n<li><a href=\"https:\/\/altmaesports.org\/wp-content\/uploads\/2025\/03\/Formulario-adhesion-Asesor.docx\"><span style=\"color: #333333;\"><strong>FORMULARIO DE ADHESI\u00d3N A LA RED COMO ASESORADO<\/strong><\/span><\/a><\/li>\n<li><a href=\"https:\/\/altmaesports.org\/wp-content\/uploads\/2025\/03\/Formulario-adhesion-Asesorada.docx\"><span style=\"color: #333333;\"><strong>FORMULARIO EMPRESAS O ENTIDADES ASESORAS<\/strong><\/span><\/a><\/li>\n<li><span style=\"color: #333333;\"><strong>PUBLICACI\u00d3N PROYECTOS DESTACADOS PERIODO 2014-2020<\/strong><\/span><\/li>\n<\/ul>\n<\/div><\/div><\/div><\/div><\/div><\/div><\/div><\/div>\n","protected":false},"excerpt":{"rendered":"","protected":false},"author":1,"featured_media":0,"parent":0,"menu_order":0,"comment_status":"closed","ping_status":"closed","template":"","meta":{"footnotes":""},"class_list":["post-4740","page","type-page","status-publish","hentry"],"_links":{"self":[{"href":"https:\/\/altmaesports.org\/ca\/wp-json\/wp\/v2\/pages\/4740","targetHints":{"allow":["GET"]}}],"collection":[{"href":"https:\/\/altmaesports.org\/ca\/wp-json\/wp\/v2\/pages"}],"about":[{"href":"https:\/\/altmaesports.org\/ca\/wp-json\/wp\/v2\/types\/page"}],"author":[{"embeddable":true,"href":"https:\/\/altmaesports.org\/ca\/wp-json\/wp\/v2\/users\/1"}],"replies":[{"embeddable":true,"href":"https:\/\/altmaesports.org\/ca\/wp-json\/wp\/v2\/comments?post=4740"}],"version-history":[{"count":5,"href":"https:\/\/altmaesports.org\/ca\/wp-json\/wp\/v2\/pages\/4740\/revisions"}],"predecessor-version":[{"id":4745,"href":"https:\/\/altmaesports.org\/ca\/wp-json\/wp\/v2\/pages\/4740\/revisions\/4745"}],"wp:attachment":[{"href":"https:\/\/altmaesports.org\/ca\/wp-json\/wp\/v2\/media?parent=4740"}],"curies":[{"name":"wp","href":"https:\/\/api.w.org\/{rel}","templated":true}]}}