{"id":4734,"date":"2025-01-30T13:00:08","date_gmt":"2025-01-30T13:00:08","guid":{"rendered":"https:\/\/altmaesports.org\/territori-en-joc-descobreix-el-nostre-patrimoni\/"},"modified":"2025-03-20T11:33:05","modified_gmt":"2025-03-20T11:33:05","slug":"territori-en-joc-descobreix-el-nostre-patrimoni","status":"publish","type":"page","link":"https:\/\/altmaesports.org\/ca\/territori-en-joc-descobreix-el-nostre-patrimoni\/","title":{"rendered":"Territori en joc. Descobreix el nostre patrimoni"},"content":{"rendered":"<p><div class=\"fusion-fullwidth fullwidth-box fusion-builder-row-1 fusion-flex-container fusion-parallax-none hundred-percent-fullwidth non-hundred-percent-height-scrolling lazyload\" style=\"--link_hover_color: var(--awb-color5);--link_color: var(--awb-color5);--awb-background-position:left center;--awb-border-sizes-top:0px;--awb-border-sizes-bottom:0px;--awb-border-sizes-left:0px;--awb-border-sizes-right:0px;--awb-border-color:var(--awb-color3);--awb-border-radius-top-left:0px;--awb-border-radius-top-right:0px;--awb-border-radius-bottom-right:0px;--awb-border-radius-bottom-left:0px;--awb-padding-top:60px;--awb-padding-right:40px;--awb-padding-bottom:60px;--awb-padding-left:40px;--awb-padding-top-medium:20px;--awb-padding-right-medium:20px;--awb-padding-bottom-medium:20px;--awb-padding-left-medium:20px;--awb-margin-top:-95px;--awb-background-color:hsla(var(--awb-color1-h),var(--awb-color1-s),var(--awb-color1-l),calc(var(--awb-color1-a) - 100%));--awb-background-size:cover;--awb-flex-wrap:wrap;\" data-bg=\"https:\/\/altmaesports.org\/wp-content\/uploads\/2025\/01\/sdf.jpg\" ><div class=\"fusion-builder-row fusion-row fusion-flex-align-items-stretch fusion-flex-justify-content-center fusion-flex-content-wrap\" style=\"width:calc( 100% + 0px ) !important;max-width:calc( 100% + 0px ) !important;margin-left: calc(-0px \/ 2 );margin-right: calc(-0px \/ 2 );\"><div class=\"fusion-layout-column fusion_builder_column fusion-builder-column-0 fusion_builder_column_1_2 1_2 fusion-flex-column fusion-animated\" style=\"--awb-bg-size:cover;--awb-border-color:var(--awb-color1);--awb-border-top:20px;--awb-border-right:20px;--awb-border-bottom:20px;--awb-border-left:20px;--awb-border-style:solid;--awb-width-large:50%;--awb-margin-top-large:0px;--awb-spacing-right-large:calc( 0.04 * calc( 100% - 0 ) );--awb-margin-bottom-large:0px;--awb-spacing-left-large:0px;--awb-width-medium:50%;--awb-order-medium:0;--awb-spacing-right-medium:calc( 0.04 * calc( 100% - 0 ) );--awb-margin-bottom-medium:0px;--awb-spacing-left-medium:calc( 0.04 * calc( 100% - 0 ) );--awb-width-small:100%;--awb-order-small:0;--awb-spacing-right-small:0px;--awb-margin-bottom-small:0px;--awb-spacing-left-small:0px;\" data-animationType=\"fadeInUp\" data-animationDuration=\"1.3\" data-animationOffset=\"top-into-view\"><div class=\"fusion-column-wrapper fusion-column-has-shadow fusion-flex-justify-content-flex-start fusion-content-layout-column\"><div class=\"fusion-separator fusion-no-large-visibility fusion-full-width-sep\" style=\"align-self: center;margin-left: auto;margin-right: auto;margin-bottom:300px;width:100%;\"><\/div><\/div><\/div><div class=\"fusion-layout-column fusion_builder_column fusion-builder-column-1 fusion_builder_column_2_5 2_5 fusion-flex-column fusion-animated\" style=\"--awb-padding-top:12%;--awb-padding-right:12%;--awb-padding-bottom:12%;--awb-padding-left:12%;--awb-padding-top-medium:13%;--awb-padding-bottom-medium:13%;--awb-padding-top-small:36px;--awb-padding-right-small:36px;--awb-padding-bottom-small:36px;--awb-padding-left-small:36px;--awb-bg-color:var(--awb-color1);--awb-bg-color-hover:var(--awb-color1);--awb-bg-size:cover;--awb-width-large:40%;--awb-margin-top-large:0px;--awb-spacing-right-large:0px;--awb-margin-bottom-large:0px;--awb-spacing-left-large:calc( 0.04 * calc( 100% - 0 ) );--awb-width-medium:50%;--awb-order-medium:1;--awb-spacing-right-medium:0px;--awb-spacing-left-medium:calc( 0.032 * calc( 100% - 0 ) );--awb-width-small:100%;--awb-order-small:1;--awb-spacing-right-small:0px;--awb-spacing-left-small:calc( 0.016 * calc( 100% - 0 ) );\" data-animationType=\"fadeInUp\" data-animationDuration=\"1.3\" data-animationOffset=\"top-into-view\"><div class=\"fusion-column-wrapper fusion-column-has-shadow fusion-flex-justify-content-flex-start fusion-content-layout-column\"><div class=\"fusion-title title fusion-title-1 fusion-sep-none fusion-title-text fusion-title-size-one\" style=\"--awb-text-color:var(--awb-color8);--awb-margin-right:0px;--awb-margin-bottom:30px;--awb-margin-left:0px;--awb-margin-right-small:0px;--awb-margin-bottom-small:30px;--awb-margin-left-small:0px;\"><h1 class=\"fusion-title-heading title-heading-left fusion-responsive-typography-calculated\" style=\"margin:0;--fontSize:57;line-height:var(--awb-typography1-line-height);\">Territori en joc<\/h1><\/div><div class=\"fusion-separator fusion-full-width-sep\" style=\"align-self: center;margin-left: auto;margin-right: auto;margin-top:15px;margin-bottom:40px;width:100%;\"><div class=\"fusion-separator-border sep-single sep-solid\" style=\"--awb-height:20px;--awb-amount:20px;--awb-sep-color:hsla(var(--awb-color8-h),var(--awb-color8-s),var(--awb-color8-l),calc(var(--awb-color8-a) - 90%));border-color:hsla(var(--awb-color8-h),var(--awb-color8-s),var(--awb-color8-l),calc(var(--awb-color8-a) - 90%));border-top-width:1px;\"><\/div><\/div><div class=\"fusion-image-element \" style=\"--awb-caption-title-font-family:var(--h2_typography-font-family);--awb-caption-title-font-weight:var(--h2_typography-font-weight);--awb-caption-title-font-style:var(--h2_typography-font-style);--awb-caption-title-size:var(--h2_typography-font-size);--awb-caption-title-transform:var(--h2_typography-text-transform);--awb-caption-title-line-height:var(--h2_typography-line-height);--awb-caption-title-letter-spacing:var(--h2_typography-letter-spacing);\"><span class=\" fusion-imageframe imageframe-none imageframe-1 hover-type-none\"><a href=\"https:\/\/altmaesports.org\/wp-content\/uploads\/2025\/01\/TABLERO-CARA-2.jpg\" class=\"fusion-lightbox\" data-rel=\"iLightbox[3b646fc9fc5056bb54a]\" data-title=\"TABLERO CARA 2\" title=\"TABLERO CARA 2\"><img decoding=\"async\" width=\"720\" height=\"720\" src=\"https:\/\/altmaesports.org\/wp-content\/uploads\/2025\/01\/TABLERO-CARA-2.jpg\" data-orig-src=\"https:\/\/altmaesports.org\/wp-content\/uploads\/2025\/01\/TABLERO-CARA-2.jpg\" alt class=\"lazyload img-responsive wp-image-4446\" srcset=\"data:image\/svg+xml,%3Csvg%20xmlns%3D%27http%3A%2F%2Fwww.w3.org%2F2000%2Fsvg%27%20width%3D%27720%27%20height%3D%27720%27%20viewBox%3D%270%200%20720%20720%27%3E%3Crect%20width%3D%27720%27%20height%3D%27720%27%20fill-opacity%3D%220%22%2F%3E%3C%2Fsvg%3E\" data-srcset=\"https:\/\/altmaesports.org\/wp-content\/uploads\/2025\/01\/TABLERO-CARA-2-200x200.jpg 200w, https:\/\/altmaesports.org\/wp-content\/uploads\/2025\/01\/TABLERO-CARA-2-400x400.jpg 400w, https:\/\/altmaesports.org\/wp-content\/uploads\/2025\/01\/TABLERO-CARA-2-600x600.jpg 600w, https:\/\/altmaesports.org\/wp-content\/uploads\/2025\/01\/TABLERO-CARA-2.jpg 720w\" data-sizes=\"auto\" data-orig-sizes=\"(max-width: 740px) 100vw, (max-width: 1919px) 600px,(min-width: 1920px) 40vw\" \/><\/a><\/span><\/div><div ><a class=\"fusion-button button-flat fusion-button-default-size button-custom fusion-button-default button-1 fusion-button-span-yes \" style=\"--button_bevel_color:var(--awb-color4);--button_bevel_color_hover:var(--awb-color4);--button_accent_color:var(--awb-color1);--button_accent_hover_color:var(--awb-color1);--button_border_hover_color:var(--awb-color1);--button_border_width-top:0px;--button_border_width-right:0px;--button_border_width-bottom:0px;--button_border_width-left:0px;--button-border-radius-top-left:0;--button-border-radius-top-right:0;--button-border-radius-bottom-right:0;--button-border-radius-bottom-left:0;--button_gradient_top_color:var(--awb-color5);--button_gradient_bottom_color:var(--awb-color5);--button_gradient_top_color_hover:hsla(var(--awb-color5-h),var(--awb-color5-s),calc(var(--awb-color5-l) - 10%),var(--awb-color5-a));--button_gradient_bottom_color_hover:hsla(var(--awb-color5-h),var(--awb-color5-s),calc(var(--awb-color5-l) - 10%),var(--awb-color5-a));--button_text_transform:var(--awb-typography3-text-transform);--button_font_size:var(--awb-typography3-font-size);--button_line_height:var(--awb-typography3-line-height);--button_padding-top:25px;--button_padding-right:45px;--button_padding-bottom:25px;--button_padding-left:45px;--button_typography-letter-spacing:var(--awb-typography3-letter-spacing);--button_typography-font-family:var(--awb-typography3-font-family);--button_typography-font-weight:var(--awb-typography3-font-weight);--button_typography-font-style:var(--awb-typography3-font-style);--button_margin-top:50px;--button_margin-bottom:0px;\" target=\"_blank\" rel=\"noopener noreferrer\" href=\"https:\/\/territorioenjuego.com\/\"><span class=\"fusion-button-text\">Visitar p\u00e1gina oficial<\/span><\/a><\/div><\/div><\/div><\/div><\/div><div class=\"fusion-fullwidth fullwidth-box fusion-builder-row-2 fusion-flex-container has-pattern-background has-mask-background nonhundred-percent-fullwidth non-hundred-percent-height-scrolling\" style=\"--awb-border-radius-top-left:0px;--awb-border-radius-top-right:0px;--awb-border-radius-bottom-right:0px;--awb-border-radius-bottom-left:0px;--awb-margin-top:80px;--awb-flex-wrap:wrap;\" ><div class=\"fusion-builder-row fusion-row fusion-flex-align-items-flex-start fusion-flex-content-wrap\" style=\"max-width:104%;margin-left: calc(-4% \/ 2 );margin-right: calc(-4% \/ 2 );\"><div class=\"fusion-layout-column fusion_builder_column fusion-builder-column-2 fusion_builder_column_1_2 1_2 fusion-flex-column\" style=\"--awb-padding-left:14px;--awb-bg-size:cover;--awb-width-large:50%;--awb-margin-top-large:0px;--awb-spacing-right-large:3.84%;--awb-margin-bottom-large:20px;--awb-spacing-left-large:13.824%;--awb-width-medium:50%;--awb-order-medium:0;--awb-spacing-right-medium:3.84%;--awb-spacing-left-medium:13.824%;--awb-width-small:100%;--awb-order-small:0;--awb-spacing-right-small:1.92%;--awb-spacing-left-small:1.92%;\"><div class=\"fusion-column-wrapper fusion-column-has-shadow fusion-flex-justify-content-flex-start fusion-content-layout-column\"><div class=\"fusion-text fusion-text-1\"><p>Sis Grups d&#8217;Acci\u00f3 Local de la Comunitat Valenciana es van unir per a donar vida al projecte de cooperaci\u00f3 \u201cTERRITORI EN JOC. Descobreix el nostre patrimoni\u201d. Sota la coordinaci\u00f3 del nostre grup.<\/p>\n<p>GAL Altmaesports Leader (GAL COORDINADOR)<\/p>\n<p>GAL Maestrat Plana Alta Leader 1420<\/p>\n<p>GAL Asociaci\u00f3n para el Desarrollo de las Comarcas de Interior (@DICI)<\/p>\n<p>GAL Palancia Mijares 14\/20<\/p>\n<p>GAL Som Rurals<\/p>\n<p>GAL Asociaci\u00f3n para el Desarrollo Sostenible de los Municipios del Macizo del Caroig, Serra Grossa y Riberes del X\u00faquer<\/p>\n<p><b>El territori d&#8217;aquests sis Grups d&#8217;Acci\u00f3 Local abasta fins a 176 municipis del total del territori Leader de la Comunitat Valenciana (330 municipis). Per tant, en aquest projecte de cooperaci\u00f3 s&#8217;integra al 53,34% dels municipis Leader de la Comunitat.<\/p>\n<p>&nbsp;<\/p>\n<\/div><div class=\"fusion-image-element \" style=\"--awb-caption-title-font-family:var(--h2_typography-font-family);--awb-caption-title-font-weight:var(--h2_typography-font-weight);--awb-caption-title-font-style:var(--h2_typography-font-style);--awb-caption-title-size:var(--h2_typography-font-size);--awb-caption-title-transform:var(--h2_typography-text-transform);--awb-caption-title-line-height:var(--h2_typography-line-height);--awb-caption-title-letter-spacing:var(--h2_typography-letter-spacing);\"><span class=\" fusion-imageframe imageframe-none imageframe-2 hover-type-none\"><a href=\"https:\/\/altmaesports.org\/wp-content\/uploads\/2025\/03\/WhatsApp-Image-2025-03-17-at-08.33.14.jpeg\" class=\"fusion-lightbox\" data-rel=\"iLightbox[0c1895a91bd7e0483f6]\" data-title=\"WhatsApp Image 2025-03-17 at 08.33.14\" title=\"WhatsApp Image 2025-03-17 at 08.33.14\"><img decoding=\"async\" width=\"871\" height=\"779\" src=\"https:\/\/altmaesports.org\/wp-content\/uploads\/2025\/03\/WhatsApp-Image-2025-03-17-at-08.33.14.jpeg\" data-orig-src=\"https:\/\/altmaesports.org\/wp-content\/uploads\/2025\/03\/WhatsApp-Image-2025-03-17-at-08.33.14.jpeg\" alt class=\"lazyload img-responsive wp-image-4567\" srcset=\"data:image\/svg+xml,%3Csvg%20xmlns%3D%27http%3A%2F%2Fwww.w3.org%2F2000%2Fsvg%27%20width%3D%27871%27%20height%3D%27779%27%20viewBox%3D%270%200%20871%20779%27%3E%3Crect%20width%3D%27871%27%20height%3D%27779%27%20fill-opacity%3D%220%22%2F%3E%3C%2Fsvg%3E\" data-srcset=\"https:\/\/altmaesports.org\/wp-content\/uploads\/2025\/03\/WhatsApp-Image-2025-03-17-at-08.33.14-200x179.jpeg 200w, https:\/\/altmaesports.org\/wp-content\/uploads\/2025\/03\/WhatsApp-Image-2025-03-17-at-08.33.14-400x358.jpeg 400w, https:\/\/altmaesports.org\/wp-content\/uploads\/2025\/03\/WhatsApp-Image-2025-03-17-at-08.33.14-600x537.jpeg 600w, https:\/\/altmaesports.org\/wp-content\/uploads\/2025\/03\/WhatsApp-Image-2025-03-17-at-08.33.14-800x715.jpeg 800w, https:\/\/altmaesports.org\/wp-content\/uploads\/2025\/03\/WhatsApp-Image-2025-03-17-at-08.33.14.jpeg 871w\" data-sizes=\"auto\" data-orig-sizes=\"(max-width: 740px) 100vw, 800px\" \/><\/a><\/span><\/div><\/div><\/div><div class=\"fusion-layout-column fusion_builder_column fusion-builder-column-3 fusion_builder_column_1_2 1_2 fusion-flex-column\" style=\"--awb-padding-right:8px;--awb-bg-size:cover;--awb-width-large:50%;--awb-margin-top-large:0px;--awb-spacing-right-large:13.632%;--awb-margin-bottom-large:20px;--awb-spacing-left-large:3.84%;--awb-width-medium:50%;--awb-order-medium:0;--awb-spacing-right-medium:13.632%;--awb-spacing-left-medium:3.84%;--awb-width-small:100%;--awb-order-small:0;--awb-spacing-right-small:1.92%;--awb-spacing-left-small:1.92%;\"><div class=\"fusion-column-wrapper fusion-column-has-shadow fusion-flex-justify-content-flex-start fusion-content-layout-column\"><div class=\"fusion-text fusion-text-2\"><p><strong>El projecte persegueix els seg\u00fcents objectius:<\/strong><\/p>\n<ol>\n<li>Promoure el coneixement i valoraci\u00f3 del patrimoni: Fomentar l&#8217;apreciaci\u00f3 i comprensi\u00f3 del patrimoni cultural, social, art\u00edstic, natural, gastron\u00f2mic i esportiu dels territoris rurals entre els residents locals i els visitants a trav\u00e9s de la participaci\u00f3 en el joc.<\/li>\n<li>Incentivar el turisme rural sostenible: Estimular l&#8217;inter\u00e9s pel turisme rural d&#8217;una manera responsable i sostenible, destacant els recursos i atractius menys coneguts, per\u00f2 igualment importants de cada regi\u00f3 participant.<\/li>\n<li>Enfortir el sentit de pertinen\u00e7a i comunitat: Promoure un major sentit de pertinen\u00e7a i orgull pels territoris rurals entre els seus habitants, fomentant la participaci\u00f3 activa i el comprom\u00eds amb la preservaci\u00f3 i promoci\u00f3 del seu patrimoni.<\/li>\n<li>Generar experi\u00e8ncies educatives i l\u00fadiques: Oferir experi\u00e8ncies d&#8217;aprenentatge pr\u00e0ctiques i divertides que permeten als participants explorar i descobrir la hist\u00f2ria, les tradicions, la biodiversitat i altres aspectes del patrimoni rural, fomentant la sensibilitzaci\u00f3 i l&#8217;aprenentatge actiu.<\/li>\n<li>Promoure la inclusi\u00f3 social i l&#8217;intercanvi intergeneracional: Facilitar la participaci\u00f3 de persones de totes les edats i or\u00edgens socials en el joc, promovent la interacci\u00f3 i l&#8217;intercanvi de coneixements i experi\u00e8ncies entre diferents grups de la comunitat rural.<\/li>\n<\/ol>\n<p>Contribuir al desenvolupament econ\u00f2mic local: Impulsar l&#8217;economia local a trav\u00e9s del foment del turisme rural i la promoci\u00f3 dels productes i serveis locals associats al patrimoni cultural, gastron\u00f2mic i esportiu dels territoris participants.<\/p>\n<p>Per a donar a con\u00e9ixer el projecte s&#8217;han realitzat 6 jornades d&#8217;animaci\u00f3, una en cada territori dels grups participants, en la qual s&#8217;han realitzat tallers al voltant de la tem\u00e0tica del joc i els seus elements patrimonials.<\/p>\n<p>A m\u00e9s, s&#8217;ha seguit una estrat\u00e8gia molt concreta en mat\u00e8ria de Comunicaci\u00f3, tal com s&#8217;exposa en la MEM\u00d2RIA DE COMUNICACI\u00d3.<\/p>\n<p>Com a conclusi\u00f3 destacar que el joc pret\u00e9n donar a con\u00e9ixer el bast patrimoni que tenen els territoris participants, amb un enfocament l\u00fadic, arribant tant a la poblaci\u00f3 local com als visitants, posant en valor el potencial de les nostres zones.<\/p>\n<\/div><\/div><\/div><\/div><\/div><div class=\"fusion-fullwidth fullwidth-box fusion-builder-row-3 fusion-flex-container has-pattern-background has-mask-background nonhundred-percent-fullwidth non-hundred-percent-height-scrolling\" style=\"--awb-border-radius-top-left:0px;--awb-border-radius-top-right:0px;--awb-border-radius-bottom-right:0px;--awb-border-radius-bottom-left:0px;--awb-flex-wrap:wrap;\" ><div class=\"fusion-builder-row fusion-row fusion-flex-align-items-flex-start fusion-flex-content-wrap\" style=\"max-width:104%;margin-left: calc(-4% \/ 2 );margin-right: calc(-4% \/ 2 );\"><div class=\"fusion-layout-column fusion_builder_column fusion-builder-column-4 fusion_builder_column_1_1 1_1 fusion-flex-column\" style=\"--awb-bg-size:cover;--awb-width-large:100%;--awb-margin-top-large:0px;--awb-spacing-right-large:7.68%;--awb-margin-bottom-large:20px;--awb-spacing-left-large:6.336%;--awb-width-medium:100%;--awb-order-medium:0;--awb-spacing-right-medium:7.68%;--awb-spacing-left-medium:6.336%;--awb-width-small:100%;--awb-order-small:0;--awb-spacing-right-small:1.92%;--awb-spacing-left-small:1.92%;\"><div class=\"fusion-column-wrapper fusion-column-has-shadow fusion-flex-justify-content-flex-start fusion-content-layout-column\"><div class=\"fusion-text fusion-text-3\"><\/div><\/div><\/div><\/div><\/div><\/p>\n","protected":false},"excerpt":{"rendered":"","protected":false},"author":1,"featured_media":0,"parent":0,"menu_order":0,"comment_status":"closed","ping_status":"closed","template":"","meta":{"footnotes":""},"class_list":["post-4734","page","type-page","status-publish","hentry"],"_links":{"self":[{"href":"https:\/\/altmaesports.org\/ca\/wp-json\/wp\/v2\/pages\/4734","targetHints":{"allow":["GET"]}}],"collection":[{"href":"https:\/\/altmaesports.org\/ca\/wp-json\/wp\/v2\/pages"}],"about":[{"href":"https:\/\/altmaesports.org\/ca\/wp-json\/wp\/v2\/types\/page"}],"author":[{"embeddable":true,"href":"https:\/\/altmaesports.org\/ca\/wp-json\/wp\/v2\/users\/1"}],"replies":[{"embeddable":true,"href":"https:\/\/altmaesports.org\/ca\/wp-json\/wp\/v2\/comments?post=4734"}],"version-history":[{"count":5,"href":"https:\/\/altmaesports.org\/ca\/wp-json\/wp\/v2\/pages\/4734\/revisions"}],"predecessor-version":[{"id":4739,"href":"https:\/\/altmaesports.org\/ca\/wp-json\/wp\/v2\/pages\/4734\/revisions\/4739"}],"wp:attachment":[{"href":"https:\/\/altmaesports.org\/ca\/wp-json\/wp\/v2\/media?parent=4734"}],"curies":[{"name":"wp","href":"https:\/\/api.w.org\/{rel}","templated":true}]}}