{"id":4722,"date":"2025-03-17T08:53:29","date_gmt":"2025-03-17T08:53:29","guid":{"rendered":"https:\/\/altmaesports.org\/projecte-estudis-percepcio-de-qualitat-de-vida-del-territori-uji\/"},"modified":"2025-03-20T11:22:19","modified_gmt":"2025-03-20T11:22:19","slug":"projecte-estudis-percepcio-de-qualitat-de-vida-del-territori-uji","status":"publish","type":"page","link":"https:\/\/altmaesports.org\/ca\/projecte-estudis-percepcio-de-qualitat-de-vida-del-territori-uji\/","title":{"rendered":"Projecte estudis percepci\u00f3 de qualitat de vida del territori (UJI)"},"content":{"rendered":"<div class=\"fusion-fullwidth fullwidth-box fusion-builder-row-1 fusion-flex-container has-pattern-background has-mask-background nonhundred-percent-fullwidth non-hundred-percent-height-scrolling\" style=\"--awb-border-radius-top-left:0px;--awb-border-radius-top-right:0px;--awb-border-radius-bottom-right:0px;--awb-border-radius-bottom-left:0px;--awb-margin-top:-40px;--awb-margin-bottom:-40px;--awb-background-color:var(--awb-color1);--awb-flex-wrap:wrap;\" ><div class=\"awb-background-pattern\" style=\"background-image:  url(data:image\/svg+xml;utf8,%3Csvg%20width%3D%2280%22%20height%3D%22120%22%20fill%3D%22none%22%20xmlns%3D%22http%3A%2F%2Fwww.w3.org%2F2000%2Fsvg%22%3E%3Cg%20clip-path%3D%22url%28%23prefix__clip0_43_320%29%22%20fill%3D%22rgba%28240%2C241%2C245%2C1%29%22%3E%3Cpath%20d%3D%22M40%200L0%2030v30l40-30V0zm0%2030v30l40%2030V60L40%2030zM40-30V0l40%2030V0L40-30zm0%2090L0%2090v30l40-30V60zm0%2030v30l40%2030v-30L40%2090z%22%2F%3E%3C%2Fg%3E%3Cdefs%3E%3CclipPath%20id%3D%22prefix__clip0_43_320%22%3E%3Cpath%20fill%3D%22%23fff%22%20d%3D%22M0%200h80v120H0z%22%2F%3E%3C%2FclipPath%3E%3C%2Fdefs%3E%3C%2Fsvg%3E);opacity: 0.5 ;background-size:120%;mix-blend-mode:normal;\"><\/div><div class=\"fusion-builder-row fusion-row fusion-flex-align-items-flex-start fusion-flex-content-wrap\" style=\"max-width:104%;margin-left: calc(-4% \/ 2 );margin-right: calc(-4% \/ 2 );\"><div class=\"fusion-layout-column fusion_builder_column fusion-builder-column-0 fusion_builder_column_1_1 1_1 fusion-flex-column\" style=\"--awb-padding-top:50px;--awb-padding-right:60px;--awb-padding-bottom:50px;--awb-padding-left:60px;--awb-bg-color:var(--awb-color1);--awb-bg-color-hover:var(--awb-color1);--awb-bg-size:cover;--awb-box-shadow:2px 2px 25px 5px hsla(var(--awb-color8-h),var(--awb-color8-s),var(--awb-color8-l),calc(var(--awb-color8-a) - 85%));;--awb-width-large:100%;--awb-margin-top-large:0px;--awb-spacing-right-large:1.92%;--awb-margin-bottom-large:0px;--awb-spacing-left-large:1.92%;--awb-width-medium:100%;--awb-order-medium:0;--awb-spacing-right-medium:1.92%;--awb-spacing-left-medium:1.92%;--awb-width-small:100%;--awb-order-small:0;--awb-spacing-right-small:1.92%;--awb-spacing-left-small:1.92%;\"><div class=\"fusion-column-wrapper fusion-column-has-shadow fusion-flex-justify-content-flex-start fusion-content-layout-column\"><div class=\"fusion-builder-row fusion-builder-row-inner fusion-row fusion-flex-align-items-flex-start fusion-flex-content-wrap\" style=\"width:104% !important;max-width:104% !important;margin-left: calc(-4% \/ 2 );margin-right: calc(-4% \/ 2 );\"><div class=\"fusion-layout-column fusion_builder_column_inner fusion-builder-nested-column-0 fusion_builder_column_inner_3_5 3_5 fusion-flex-column\" style=\"--awb-padding-right:40px;--awb-padding-bottom-medium:30px;--awb-padding-bottom-small:40px;--awb-bg-size:cover;--awb-width-large:60%;--awb-margin-top-large:0px;--awb-spacing-right-large:3.2%;--awb-margin-bottom-large:0px;--awb-spacing-left-large:3.2%;--awb-width-medium:100%;--awb-order-medium:0;--awb-spacing-right-medium:1.92%;--awb-spacing-left-medium:1.92%;--awb-width-small:100%;--awb-order-small:0;--awb-spacing-right-small:1.92%;--awb-spacing-left-small:1.92%;\"><div class=\"fusion-column-wrapper fusion-column-has-shadow fusion-flex-justify-content-flex-start fusion-content-layout-column\"><div class=\"fusion-title title fusion-title-1 fusion-sep-none fusion-title-text fusion-title-size-three\" style=\"--awb-text-color:var(--awb-color8);\"><h3 class=\"fusion-title-heading title-heading-left fusion-responsive-typography-calculated\" style=\"margin:0;--fontSize:37;line-height:var(--awb-typography1-line-height);\">Projecte estudis percepci\u00f3 de qualitat de vida del territori (UJI)<\/h3><\/div><\/div><\/div><div class=\"fusion-layout-column fusion_builder_column_inner fusion-builder-nested-column-1 fusion_builder_column_inner_2_5 2_5 fusion-flex-column fusion-flex-align-self-center\" style=\"--awb-padding-bottom-medium:10px;--awb-padding-bottom-small:20px;--awb-bg-size:cover;--awb-width-large:40%;--awb-margin-top-large:0px;--awb-spacing-right-large:4.8%;--awb-margin-bottom-large:0px;--awb-spacing-left-large:4.8%;--awb-width-medium:100%;--awb-order-medium:0;--awb-spacing-right-medium:1.92%;--awb-spacing-left-medium:1.92%;--awb-width-small:100%;--awb-order-small:0;--awb-spacing-right-small:1.92%;--awb-spacing-left-small:1.92%;\"><div class=\"fusion-column-wrapper fusion-column-has-shadow fusion-flex-justify-content-flex-start fusion-content-layout-row\"><i class=\"fb-icon-element-1 fb-icon-element fontawesome-icon fa-chalkboard-teacher fas circle-no fusion-text-flow\" style=\"--awb-iconcolor:hsla(var(--awb-color5-h),var(--awb-color5-s),calc(var(--awb-color5-l) - 10%),var(--awb-color5-a));--awb-iconcolor-hover:var(--awb-color6);--awb-font-size:68px;--awb-margin-right:60px;\"><\/i><i class=\"fb-icon-element-2 fb-icon-element fontawesome-icon fa-users fas circle-no fusion-text-flow\" style=\"--awb-iconcolor:hsla(var(--awb-color5-h),var(--awb-color5-s),calc(var(--awb-color5-l) - 10%),var(--awb-color5-a));--awb-iconcolor-hover:var(--awb-color6);--awb-font-size:70px;--awb-margin-right:60px;\"><\/i><i class=\"fb-icon-element-3 fb-icon-element fontawesome-icon fa-school fas circle-no fusion-text-flow\" style=\"--awb-iconcolor:hsla(var(--awb-color5-h),var(--awb-color5-s),calc(var(--awb-color5-l) - 10%),var(--awb-color5-a));--awb-iconcolor-hover:var(--awb-color6);--awb-font-size:68px;--awb-margin-right:60px;\"><\/i><\/div><\/div><\/div><div class=\"fusion-separator fusion-full-width-sep\" style=\"align-self: center;margin-left: auto;margin-right: auto;margin-top:40px;margin-bottom:40px;width:100%;\"><div class=\"fusion-separator-border sep-single sep-solid\" style=\"--awb-height:20px;--awb-amount:20px;--awb-sep-color:hsla(var(--awb-color3-h),var(--awb-color3-s),var(--awb-color3-l),calc(var(--awb-color3-a) - 30%));border-color:hsla(var(--awb-color3-h),var(--awb-color3-s),var(--awb-color3-l),calc(var(--awb-color3-a) - 30%));border-top-width:1px;\"><\/div><\/div><div class=\"fusion-builder-row fusion-builder-row-inner fusion-row fusion-flex-align-items-flex-start fusion-flex-content-wrap\" style=\"width:104% !important;max-width:104% !important;margin-left: calc(-4% \/ 2 );margin-right: calc(-4% \/ 2 );\"><div class=\"fusion-layout-column fusion_builder_column_inner fusion-builder-nested-column-2 fusion_builder_column_inner_3_5 3_5 fusion-flex-column\" style=\"--awb-padding-right:40px;--awb-padding-bottom-small:10px;--awb-bg-size:cover;--awb-width-large:60%;--awb-margin-top-large:0px;--awb-spacing-right-large:3.2%;--awb-margin-bottom-large:0px;--awb-spacing-left-large:3.2%;--awb-width-medium:60%;--awb-order-medium:0;--awb-spacing-right-medium:3.2%;--awb-spacing-left-medium:3.2%;--awb-width-small:100%;--awb-order-small:0;--awb-spacing-right-small:1.92%;--awb-spacing-left-small:1.92%;\"><div class=\"fusion-column-wrapper fusion-column-has-shadow fusion-flex-justify-content-flex-start fusion-content-layout-column\"><div class=\"fusion-text fusion-text-1\" style=\"--awb-font-size:var(--awb-typography4-font-size);--awb-line-height:var(--awb-typography4-line-height);--awb-letter-spacing:var(--awb-typography4-letter-spacing);--awb-text-transform:var(--awb-typography4-text-transform);--awb-text-color:var(--awb-color8);--awb-margin-top:10px;--awb-text-font-family:var(--awb-typography4-font-family);--awb-text-font-weight:var(--awb-typography4-font-weight);--awb-text-font-style:var(--awb-typography4-font-style);\"><p>L&#8217;Estrat\u00e8gia de Desenvolupament Local Participatiu (EDLP) del grup d&#8217;acci\u00f3 local compta amb un sistema d&#8217;indicadors per a fer el control de l&#8217;execuci\u00f3 d&#8217;aquesta. Un d&#8217;aquests indicadors resa aix\u00ed <strong>Millora de la percepci\u00f3 del sentiment de pertinen\u00e7a al territori i la qualitat de vida d&#8217;aquest.<\/strong>.<\/p>\n<p>Des del GAL Altmaesports Leader, i com a part del seu treball per atraure coneixement i visibilitzar la realitat rural del seu territori, encarreguem al Grup d&#8217;Estudi \u2018Recerca de Desigualtats i Resist\u00e8ncies\u2019 (DESiREs)  de la Universitat Jaume I de Castell\u00f3 l&#8217;elaboraci\u00f3 d&#8217;una enquesta que ens permetera valorar eixa percepci\u00f3 del sentiment de pertinen\u00e7a al territori i la qualitat de vida al mateix, donant aix\u00ed resposta al nostre indicador de seguiment de l\u2019EDLP.<\/p>\n<p>A partir dels estudis realitzats en 2020, 2022 i 2023, s&#8217;ha arribat als seg\u00fcents resultats quan <strong>el sentiment de pertinen\u00e7a al territori i la qualitat de vida:<\/strong>:<\/p>\n<p>&nbsp;<\/p>\n<ol>\n<li><strong> Sentiment de pertinen\u00e7a i cohesi\u00f3 territorial<\/strong><\/li>\n<\/ol>\n<p>En 2023, s&#8217;observa una <strong>major satisfacci\u00f3 amb la vida al poble <\/strong>(mitjana de 4.72 sobre 5) en comparaci\u00f3 amb 2022 (4.41) i 2020 (4.38), la qual cosa indica una <strong>tend\u00e8ncia positiva<\/strong> en la percepci\u00f3 de la qualitat de vida i la inclinaci\u00f3 al territori.<\/p>\n<ol start=\"2\">\n<li><strong> Identificaci\u00f3 amb el territori i coneixement dels GAL<\/strong><\/li>\n<\/ol>\n<p>Entre aquells que coneixen els GAL i el programa LEADER, la valoraci\u00f3 \u00e9s positiva, destacant el seu paper com a eines de desenvolupament local i la seua capacitat per a fomentar la participaci\u00f3 ciutadana i la pres\u00e8ncia d&#8217;Europa en les zones rurals.<\/p>\n<ol start=\"3\">\n<li><strong> Factors que influeixen en el sentiment de pertinen\u00e7a<\/strong><\/li>\n<\/ol>\n<p><strong>Les persones que resideixen<\/strong> de manera permanent en el territori mostren un major sentiment de pertinen\u00e7a i satisfacci\u00f3 amb la vida al poble enfront de no residents. &nbsp;<\/p>\n<p><strong>Els majors de 65 anys i les persones casades o en parella<\/strong>  tendeixen a mostrar una major inclinaci\u00f3 al territori, mentre que els joves (18-34 anys) tenen una percepci\u00f3 m\u00e9s cr\u00edtica, especialment en relaci\u00f3 amb les oportunitats laborals i la falta de serveis.<\/p>\n<p><strong>Les persones amb nivells educatius m\u00e9s alts i aquelles amb ocupacions estables<\/strong> tendeixen a valorar m\u00e9s positivament la seua vida al poble, encara que tamb\u00e9 s\u00f3n m\u00e9s cr\u00edtiques amb la falta d&#8217;oportunitats i serveis.<\/p>\n<ol start=\"4\">\n<li><strong> Desafiaments per al sentiment de pertinen\u00e7a<\/strong><\/li>\n<\/ol>\n<p><strong>Despoblaci\u00f3 i falta d&#8217;oportunitats<\/strong>: La falta de treball de qualitat i la dificultat per a conciliar la vida laboral i familiar s\u00f3n els principals factors que afecten negativament el sentiment de pertinen\u00e7a, especialment entre els joves.<\/p>\n<p><strong>Serveis i infraestructures:<\/strong> La deficient cobertura sanit\u00e0ria i la falta d&#8217;habitatge en condicions tamb\u00e9 s\u00f3n factors que influeixen en la percepci\u00f3 negativa del territori, especialment entre els joves i les fam\u00edlies amb fills.<\/p>\n<ol start=\"5\">\n<li><strong> Evoluci\u00f3 temporal<\/strong><\/li>\n<\/ol>\n<p>Entre 2020 i 2023, s&#8217;observa una millora en la percepci\u00f3 de la qualitat de vida i el sentiment de pertinen\u00e7a, encara que persisteixen desafiaments estructurals com la despoblaci\u00f3 i la falta d&#8217;oportunitats.<\/p>\n<\/div><\/div><\/div><div class=\"fusion-layout-column fusion_builder_column_inner fusion-builder-nested-column-3 fusion_builder_column_inner_2_5 2_5 fusion-flex-column\" style=\"--awb-bg-size:cover;--awb-width-large:40%;--awb-margin-top-large:0px;--awb-spacing-right-large:9.36%;--awb-margin-bottom-large:0px;--awb-spacing-left-large:0%;--awb-width-medium:40%;--awb-order-medium:0;--awb-spacing-right-medium:9.36%;--awb-spacing-left-medium:0%;--awb-width-small:100%;--awb-order-small:0;--awb-spacing-right-small:1.92%;--awb-spacing-left-small:1.92%;\"><div class=\"fusion-column-wrapper fusion-column-has-shadow fusion-flex-justify-content-flex-start fusion-content-layout-column\"><div class=\"fusion-text fusion-text-2\" style=\"--awb-font-size:16px;--awb-line-height:var(--awb-typography5-line-height);--awb-letter-spacing:var(--awb-typography5-letter-spacing);--awb-text-transform:var(--awb-typography5-text-transform);--awb-text-color:var(--awb-color6);--awb-margin-right:15px;--awb-text-font-family:var(--awb-typography5-font-family);--awb-text-font-weight:var(--awb-typography5-font-weight);--awb-text-font-style:var(--awb-typography5-font-style);\"><h4><strong>Conclusions:<\/strong><\/h4>\n<p>El <strong>sentiment de pertinen\u00e7a al territori \u00e9s alt<\/strong>, especialment entre els residents permanents, les persones majors i aquelles amb una situaci\u00f3 familiar estable. No obstant aix\u00f2, aquest sentiment es veu amena\u00e7at per la falta d&#8217;oportunitats laborals, la despoblaci\u00f3 i la deficient cobertura de serveis b\u00e0sics.<\/p>\n<p>Per a enfortir el sentiment de pertinen\u00e7a, \u00e9s <strong>necessari millorar el coneixement i la valoraci\u00f3 dels GAL i el programa LEADER<\/strong>, aix\u00ed com abordar els desafiaments estructurals que afecten la poblaci\u00f3 jove i a les fam\u00edlies.<\/p>\n<p><strong>La ruralitat<\/strong> \u00e9s percebuda com un <strong>valor positiu<\/strong>, associat a un major contacte amb la naturalesa i a relacions socials m\u00e9s intenses, per\u00f2 \u00e9s necessari garantir que aquests avantatges s&#8217;acompanyen d&#8217;oportunitats econ\u00f2miques i serveis adequats per a evitar la p\u00e8rdua de poblaci\u00f3.<\/p>\n<\/div><\/div><\/div><\/div><div class=\"fusion-text fusion-text-3\"><\/div><\/div><\/div><\/div><\/div>\n","protected":false},"excerpt":{"rendered":"","protected":false},"author":1,"featured_media":0,"parent":0,"menu_order":0,"comment_status":"closed","ping_status":"closed","template":"","meta":{"footnotes":""},"class_list":["post-4722","page","type-page","status-publish","hentry"],"_links":{"self":[{"href":"https:\/\/altmaesports.org\/ca\/wp-json\/wp\/v2\/pages\/4722","targetHints":{"allow":["GET"]}}],"collection":[{"href":"https:\/\/altmaesports.org\/ca\/wp-json\/wp\/v2\/pages"}],"about":[{"href":"https:\/\/altmaesports.org\/ca\/wp-json\/wp\/v2\/types\/page"}],"author":[{"embeddable":true,"href":"https:\/\/altmaesports.org\/ca\/wp-json\/wp\/v2\/users\/1"}],"replies":[{"embeddable":true,"href":"https:\/\/altmaesports.org\/ca\/wp-json\/wp\/v2\/comments?post=4722"}],"version-history":[{"count":5,"href":"https:\/\/altmaesports.org\/ca\/wp-json\/wp\/v2\/pages\/4722\/revisions"}],"predecessor-version":[{"id":4727,"href":"https:\/\/altmaesports.org\/ca\/wp-json\/wp\/v2\/pages\/4722\/revisions\/4727"}],"wp:attachment":[{"href":"https:\/\/altmaesports.org\/ca\/wp-json\/wp\/v2\/media?parent=4722"}],"curies":[{"name":"wp","href":"https:\/\/api.w.org\/{rel}","templated":true}]}}