{"id":4719,"date":"2025-01-30T13:33:18","date_gmt":"2025-01-30T13:33:18","guid":{"rendered":"https:\/\/altmaesports.org\/projecte-millora-de-qualitat-de-vida-dels-habitants-del-territori\/"},"modified":"2025-03-20T11:13:17","modified_gmt":"2025-03-20T11:13:17","slug":"projecte-millora-de-qualitat-de-vida-dels-habitants-del-territori","status":"publish","type":"page","link":"https:\/\/altmaesports.org\/ca\/projecte-millora-de-qualitat-de-vida-dels-habitants-del-territori\/","title":{"rendered":"Projecte millora de qualitat de vida dels habitants del territori"},"content":{"rendered":"<div class=\"fusion-fullwidth fullwidth-box fusion-builder-row-1 fusion-flex-container has-pattern-background has-mask-background nonhundred-percent-fullwidth non-hundred-percent-height-scrolling\" style=\"--awb-border-radius-top-left:0px;--awb-border-radius-top-right:0px;--awb-border-radius-bottom-right:0px;--awb-border-radius-bottom-left:0px;--awb-margin-top:-40px;--awb-margin-bottom:-40px;--awb-background-color:var(--awb-color1);--awb-flex-wrap:wrap;\" ><div class=\"awb-background-pattern\" style=\"background-image:  url(data:image\/svg+xml;utf8,%3Csvg%20width%3D%2280%22%20height%3D%22120%22%20fill%3D%22none%22%20xmlns%3D%22http%3A%2F%2Fwww.w3.org%2F2000%2Fsvg%22%3E%3Cg%20clip-path%3D%22url%28%23prefix__clip0_43_320%29%22%20fill%3D%22rgba%28240%2C241%2C245%2C1%29%22%3E%3Cpath%20d%3D%22M40%200L0%2030v30l40-30V0zm0%2030v30l40%2030V60L40%2030zM40-30V0l40%2030V0L40-30zm0%2090L0%2090v30l40-30V60zm0%2030v30l40%2030v-30L40%2090z%22%2F%3E%3C%2Fg%3E%3Cdefs%3E%3CclipPath%20id%3D%22prefix__clip0_43_320%22%3E%3Cpath%20fill%3D%22%23fff%22%20d%3D%22M0%200h80v120H0z%22%2F%3E%3C%2FclipPath%3E%3C%2Fdefs%3E%3C%2Fsvg%3E);opacity: 0.5 ;background-size:120%;mix-blend-mode:normal;\"><\/div><div class=\"fusion-builder-row fusion-row fusion-flex-align-items-flex-start fusion-flex-content-wrap\" style=\"max-width:104%;margin-left: calc(-4% \/ 2 );margin-right: calc(-4% \/ 2 );\"><div class=\"fusion-layout-column fusion_builder_column fusion-builder-column-0 fusion_builder_column_1_1 1_1 fusion-flex-column\" style=\"--awb-padding-top:50px;--awb-padding-right:60px;--awb-padding-bottom:50px;--awb-padding-left:60px;--awb-bg-color:var(--awb-color1);--awb-bg-color-hover:var(--awb-color1);--awb-bg-size:cover;--awb-box-shadow:2px 2px 25px 5px hsla(var(--awb-color8-h),var(--awb-color8-s),var(--awb-color8-l),calc(var(--awb-color8-a) - 85%));;--awb-width-large:100%;--awb-margin-top-large:0px;--awb-spacing-right-large:1.92%;--awb-margin-bottom-large:0px;--awb-spacing-left-large:1.92%;--awb-width-medium:100%;--awb-order-medium:0;--awb-spacing-right-medium:1.92%;--awb-spacing-left-medium:1.92%;--awb-width-small:100%;--awb-order-small:0;--awb-spacing-right-small:1.92%;--awb-spacing-left-small:1.92%;\"><div class=\"fusion-column-wrapper fusion-column-has-shadow fusion-flex-justify-content-flex-start fusion-content-layout-column\"><div class=\"fusion-builder-row fusion-builder-row-inner fusion-row fusion-flex-align-items-flex-start fusion-flex-content-wrap\" style=\"width:104% !important;max-width:104% !important;margin-left: calc(-4% \/ 2 );margin-right: calc(-4% \/ 2 );\"><div class=\"fusion-layout-column fusion_builder_column_inner fusion-builder-nested-column-0 fusion_builder_column_inner_3_5 3_5 fusion-flex-column\" style=\"--awb-padding-right:40px;--awb-padding-bottom-medium:30px;--awb-padding-bottom-small:40px;--awb-bg-size:cover;--awb-width-large:60%;--awb-margin-top-large:0px;--awb-spacing-right-large:3.2%;--awb-margin-bottom-large:0px;--awb-spacing-left-large:3.2%;--awb-width-medium:100%;--awb-order-medium:0;--awb-spacing-right-medium:1.92%;--awb-spacing-left-medium:1.92%;--awb-width-small:100%;--awb-order-small:0;--awb-spacing-right-small:1.92%;--awb-spacing-left-small:1.92%;\"><div class=\"fusion-column-wrapper fusion-column-has-shadow fusion-flex-justify-content-flex-start fusion-content-layout-column\"><div class=\"fusion-title title fusion-title-1 fusion-sep-none fusion-title-text fusion-title-size-three\" style=\"--awb-text-color:var(--awb-color8);\"><h3 class=\"fusion-title-heading title-heading-left fusion-responsive-typography-calculated\" style=\"margin:0;--fontSize:37;line-height:var(--awb-typography1-line-height);\"><span style=\"font-weight: 400;\">Projecte millora de qualitat de vida<\/span><\/h3><\/div><\/div><\/div><div class=\"fusion-layout-column fusion_builder_column_inner fusion-builder-nested-column-1 fusion_builder_column_inner_2_5 2_5 fusion-flex-column fusion-flex-align-self-center\" style=\"--awb-padding-bottom-medium:10px;--awb-padding-bottom-small:20px;--awb-bg-size:cover;--awb-width-large:40%;--awb-margin-top-large:0px;--awb-spacing-right-large:4.8%;--awb-margin-bottom-large:0px;--awb-spacing-left-large:4.8%;--awb-width-medium:100%;--awb-order-medium:0;--awb-spacing-right-medium:1.92%;--awb-spacing-left-medium:1.92%;--awb-width-small:100%;--awb-order-small:0;--awb-spacing-right-small:1.92%;--awb-spacing-left-small:1.92%;\"><div class=\"fusion-column-wrapper fusion-column-has-shadow fusion-flex-justify-content-flex-start fusion-content-layout-row\"><i class=\"fb-icon-element-1 fb-icon-element fontawesome-icon fa-bed fas circle-no fusion-text-flow\" style=\"--awb-iconcolor:hsla(var(--awb-color5-h),var(--awb-color5-s),calc(var(--awb-color5-l) - 10%),var(--awb-color5-a));--awb-iconcolor-hover:var(--awb-color6);--awb-font-size:68px;--awb-margin-right:60px;\"><\/i><i class=\"fb-icon-element-2 fb-icon-element fontawesome-icon fa-cogs fas circle-no fusion-text-flow\" style=\"--awb-iconcolor:hsla(var(--awb-color5-h),var(--awb-color5-s),calc(var(--awb-color5-l) - 10%),var(--awb-color5-a));--awb-iconcolor-hover:var(--awb-color6);--awb-font-size:70px;--awb-margin-right:60px;\"><\/i><i class=\"fb-icon-element-3 fb-icon-element fontawesome-icon fa-magic fas circle-no fusion-text-flow\" style=\"--awb-iconcolor:hsla(var(--awb-color5-h),var(--awb-color5-s),calc(var(--awb-color5-l) - 10%),var(--awb-color5-a));--awb-iconcolor-hover:var(--awb-color6);--awb-font-size:68px;--awb-margin-right:60px;\"><\/i><\/div><\/div><\/div><div class=\"fusion-separator fusion-full-width-sep\" style=\"align-self: center;margin-left: auto;margin-right: auto;margin-top:40px;margin-bottom:40px;width:100%;\"><div class=\"fusion-separator-border sep-single sep-solid\" style=\"--awb-height:20px;--awb-amount:20px;--awb-sep-color:hsla(var(--awb-color3-h),var(--awb-color3-s),var(--awb-color3-l),calc(var(--awb-color3-a) - 30%));border-color:hsla(var(--awb-color3-h),var(--awb-color3-s),var(--awb-color3-l),calc(var(--awb-color3-a) - 30%));border-top-width:1px;\"><\/div><\/div><div class=\"fusion-builder-row fusion-builder-row-inner fusion-row fusion-flex-align-items-flex-start fusion-flex-content-wrap\" style=\"width:104% !important;max-width:104% !important;margin-left: calc(-4% \/ 2 );margin-right: calc(-4% \/ 2 );\"><div class=\"fusion-layout-column fusion_builder_column_inner fusion-builder-nested-column-2 fusion_builder_column_inner_3_5 3_5 fusion-flex-column\" style=\"--awb-padding-right:40px;--awb-padding-bottom-small:10px;--awb-bg-size:cover;--awb-width-large:60%;--awb-margin-top-large:0px;--awb-spacing-right-large:3.2%;--awb-margin-bottom-large:0px;--awb-spacing-left-large:3.2%;--awb-width-medium:60%;--awb-order-medium:0;--awb-spacing-right-medium:3.2%;--awb-spacing-left-medium:3.2%;--awb-width-small:100%;--awb-order-small:0;--awb-spacing-right-small:1.92%;--awb-spacing-left-small:1.92%;\"><div class=\"fusion-column-wrapper fusion-column-has-shadow fusion-flex-justify-content-flex-start fusion-content-layout-column\"><div class=\"fusion-text fusion-text-1\" style=\"--awb-font-size:var(--awb-typography4-font-size);--awb-line-height:var(--awb-typography4-line-height);--awb-letter-spacing:var(--awb-typography4-letter-spacing);--awb-text-transform:var(--awb-typography4-text-transform);--awb-text-color:var(--awb-color8);--awb-margin-top:10px;--awb-text-font-family:var(--awb-typography4-font-family);--awb-text-font-weight:var(--awb-typography4-font-weight);--awb-text-font-style:var(--awb-typography4-font-style);\"><p>En la convocat\u00f2ria d&#8217;ajudes LEADER de 2019 el nostre Grup d&#8217;Acci\u00f3 Local, Altmaesports Leader, decideix sol\u00b7licitar les ajudes per a la realitzaci\u00f3 de projecte propi per a millorar la qualitat de vida dels habitants del nostre territori amb problemes de mobilitat.<\/p>\n<p>El grup coneixedor del seu territori, ha detectat la necessitat d&#8217;adquirir material de servei domiciliari per a una poblaci\u00f3 envellida. Per aix\u00f2 es decideix adquirir 26 llits articulats i 26 grues domicili\u00e0ries, que se cediran als usuaris que les sol\u00b7liciten.<\/p>\n<p>La cessi\u00f3 d&#8217;aquests equips es realitzar\u00e0 a trav\u00e9s dels serveis socials de les dues mancomunitats que operen en el territori, concretament la Mancomunitat de l&#8217;Alt Maestrat i la Mancomunitat dels Ports.<\/p>\n<\/div><\/div><\/div><div class=\"fusion-layout-column fusion_builder_column_inner fusion-builder-nested-column-3 fusion_builder_column_inner_2_5 2_5 fusion-flex-column\" style=\"--awb-bg-size:cover;--awb-width-large:40%;--awb-margin-top-large:0px;--awb-spacing-right-large:4.8%;--awb-margin-bottom-large:0px;--awb-spacing-left-large:4.8%;--awb-width-medium:40%;--awb-order-medium:0;--awb-spacing-right-medium:4.8%;--awb-spacing-left-medium:4.8%;--awb-width-small:100%;--awb-order-small:0;--awb-spacing-right-small:1.92%;--awb-spacing-left-small:1.92%;\"><div class=\"fusion-column-wrapper fusion-column-has-shadow fusion-flex-justify-content-flex-start fusion-content-layout-column\"><div class=\"fusion-title title fusion-title-2 fusion-sep-none fusion-title-text fusion-title-size-five\" style=\"--awb-text-color:var(--awb-color8);--awb-margin-bottom:10px;\"><h5 class=\"fusion-title-heading title-heading-left fusion-responsive-typography-calculated\" style=\"margin:0;--fontSize:24;--minFontSize:24;line-height:var(--awb-typography1-line-height);\"><span style=\"color: var(--awb-color4);\">\u25aa <\/span>Per a formalitzar la cessi\u00f3 gratu\u00efta s&#8217;haur\u00e0 d&#8217;aportar la seg\u00fcent documentaci\u00f3::<\/h5><\/div><div class=\"fusion-text fusion-text-2\" style=\"--awb-font-size:var(--awb-typography5-font-size);--awb-line-height:var(--awb-typography5-line-height);--awb-letter-spacing:var(--awb-typography5-letter-spacing);--awb-text-transform:var(--awb-typography5-text-transform);--awb-text-color:var(--awb-color6);--awb-text-font-family:var(--awb-typography5-font-family);--awb-text-font-weight:var(--awb-typography5-font-weight);--awb-text-font-style:var(--awb-typography5-font-style);\"><ol>\n<li>MODEL DE SOL\u00b7LICITUD<\/li>\n<li>MODEL DE CONTRACTE DE CESSI\u00d3<\/li>\n<li>DNI de l&#8217;USUARI<\/li>\n<li>INFORME DE SERVEIS SOCIALS QUE ACREDITE LA NECESSITAT<\/li>\n<li>CERTIFICAT D&#8217;EMPADRONAMENT<\/li>\n<\/ol>\n<\/div><div class=\"fusion-title title fusion-title-3 fusion-sep-none fusion-title-text fusion-title-size-five\" style=\"--awb-text-color:var(--awb-color8);--awb-margin-bottom:10px;\"><h5 class=\"fusion-title-heading title-heading-left fusion-responsive-typography-calculated\" style=\"margin:0;--fontSize:24;--minFontSize:24;line-height:var(--awb-typography1-line-height);\"><span style=\"color: var(--awb-color4);\">\u25aa<\/span> &nbsp;Una vegada acabada la cessi\u00f3<\/h5><\/div><div class=\"fusion-text fusion-text-3\" style=\"--awb-font-size:var(--awb-typography5-font-size);--awb-line-height:var(--awb-typography5-line-height);--awb-letter-spacing:var(--awb-typography5-letter-spacing);--awb-text-transform:var(--awb-typography5-text-transform);--awb-text-color:var(--awb-color6);--awb-text-font-family:var(--awb-typography5-font-family);--awb-text-font-weight:var(--awb-typography5-font-weight);--awb-text-font-style:var(--awb-typography5-font-style);\"><p>S&#8217;haur\u00e0 de retornar el material en perfecte estat de funcionament, procedint a entregar el document de devoluci\u00f3 corresponent.<\/p>\n<p>Amb aquest projecte social, el grup d&#8217;acci\u00f3 local mostra el comprom\u00eds ferm amb la poblaci\u00f3 del nostre territori.<\/p>\n<\/div><\/div><\/div><\/div><div class=\"fusion-separator fusion-full-width-sep\" style=\"align-self: center;margin-left: auto;margin-right: auto;margin-top:50px;margin-bottom:20px;width:100%;\"><div class=\"fusion-separator-border sep-single sep-solid\" style=\"--awb-height:20px;--awb-amount:20px;border-color:var(--awb-color3);border-top-width:1px;\"><\/div><\/div><div class=\"fusion-text fusion-text-4\"><h3 class=\"elementor-heading-title elementor-size-default fusion-responsive-typography-calculated\" data-fontsize=\"37\" data-lineheight=\"46.25px\">Arxius d&#8217;inter\u00e8s<\/h3>\n<ul>\n<li><a href=\"https:\/\/altmaesports.org\/wp-content\/uploads\/2025\/01\/SOLICITUD-ANEXO-I.docx\"><strong>SOLICITUD &#8211; ANEXO I<\/strong><\/a><\/li>\n<li><a href=\"https:\/\/altmaesports.org\/wp-content\/uploads\/2025\/01\/CONTRATO-DE-CESION-ANEXO-II.docx\"><strong>CONTRATO &#8211; ANEXO II<\/strong><\/a><\/li>\n<li><a href=\"https:\/\/altmaesports.org\/wp-content\/uploads\/2025\/01\/DECLARACION-RESPONSABLE-DEVOLUCION-MATERIAL.doc\"><b>DECLARACI\u00d3N RESPONSABLE DE DEVOLUCI\u00d3N DE MATERIAL<\/b><\/a><\/li>\n<\/ul>\n<\/div><\/div><\/div><\/div><\/div>\n","protected":false},"excerpt":{"rendered":"","protected":false},"author":1,"featured_media":0,"parent":0,"menu_order":0,"comment_status":"closed","ping_status":"closed","template":"","meta":{"footnotes":""},"class_list":["post-4719","page","type-page","status-publish","hentry"],"_links":{"self":[{"href":"https:\/\/altmaesports.org\/ca\/wp-json\/wp\/v2\/pages\/4719","targetHints":{"allow":["GET"]}}],"collection":[{"href":"https:\/\/altmaesports.org\/ca\/wp-json\/wp\/v2\/pages"}],"about":[{"href":"https:\/\/altmaesports.org\/ca\/wp-json\/wp\/v2\/types\/page"}],"author":[{"embeddable":true,"href":"https:\/\/altmaesports.org\/ca\/wp-json\/wp\/v2\/users\/1"}],"replies":[{"embeddable":true,"href":"https:\/\/altmaesports.org\/ca\/wp-json\/wp\/v2\/comments?post=4719"}],"version-history":[{"count":2,"href":"https:\/\/altmaesports.org\/ca\/wp-json\/wp\/v2\/pages\/4719\/revisions"}],"predecessor-version":[{"id":4721,"href":"https:\/\/altmaesports.org\/ca\/wp-json\/wp\/v2\/pages\/4719\/revisions\/4721"}],"wp:attachment":[{"href":"https:\/\/altmaesports.org\/ca\/wp-json\/wp\/v2\/media?parent=4719"}],"curies":[{"name":"wp","href":"https:\/\/api.w.org\/{rel}","templated":true}]}}